{"id":2410,"date":"2016-10-11T17:19:13","date_gmt":"2016-10-11T15:19:13","guid":{"rendered":"http:\/\/www.digiemme.it\/transfer-technology-advantages\/"},"modified":"2017-10-31T09:12:48","modified_gmt":"2017-10-31T08:12:48","slug":"vorteile","status":"publish","type":"page","link":"https:\/\/www.digiemme.it\/de\/vorteile\/","title":{"rendered":"Vorteile"},"content":{"rendered":"<div  id=\"section-hobnn\" class=\"fullwidth-content ui--section clearfix hidden-phone  section-hobnn\" style=\"margin-top: -30px;\"><div  class=\"ui--section-content\"><div class=\"container\"><div class=\"ui-row row\">\n <div   class=\"ui-column span8\"><div class=\"visible-desktop \"><h1 id=\"custom-title-1\" class=\"ui--animation \" style=\"font-size: 55px; line-height: 65px; color: #ffffff !important; \" >Unsere<\/br>Transfertechnik<\/h1><\/div><div class=\"visible-tablet \"><h1 id=\"custom-title-2\" class=\"ui--animation \" style=\"font-size: 35px; line-height: 45px; color: #ffffff !important; \" >Our <br \/>Transfer<br \/>Technology<\/h1><\/div><h3 id=\"custom-title-h3-1\" class=\"ui--animation \" style=\"margin-top: 10px; \">6 GUTE GR\u00dcNDE F\u00dcR UNSERE TRANSFERTECHNIK ZU W\u00c4HLEN<\/h3><\/div> \n\n<\/div> \n<\/div><\/div><\/div><!-- \/.fullwidth-container --><div  id=\"section-1c60e\" class=\"fullwidth-content ui--section clearfix visible-phone  section-1c60e color--dark\" style=\"margin-top: -30px;\"><div  class=\"ui--section-content\"><div class=\"container\"><h1 id=\"custom-title-3\" class=\"ui--animation \" style=\"font-size: 35px; line-height: 45px; color: #ffffff !important; \" >Unsere<\/br>Transfertechnik<\/h1><h3 id=\"custom-title-h3-2\" class=\"ui--animation \" style=\"margin-top: 10px; \">6 GUTE GR\u00dcNDE F\u00dcR UNSERE TRANSFERTECHNIK ZU W\u00c4HLEN<\/h3><\/div><\/div><\/div><!-- \/.fullwidth-container --><div  class=\"fullwidth-content ui--section clearfix\"><div  class=\"ui--section-content\"><div class=\"container\"><div class=\"hidden-phone \"><\/div><div class=\"visible-phone \"><h1 id=\"custom-title-4\" class=\"ui--animation \" style=\"font-size: 40px; line-height: 50px; \" >Vorteile<\/h1><\/div><div class=\"auto-format ui--animation\"><p>Bei der Transfertechnik wird das Teil mittels eines Transfersystems, das in vollem Umfang mit der Pressenbewegung synchronisiert ist, w\u00e4hrend des gesamten Prozesses nicht mehr im Band, sondern als Einzelteil von Station zu Station transportiert. <\/p>\n<\/div><div  class=\"ui--space clearfix\" data-responsive=\"{&quot;css&quot;:{&quot;height&quot;:{&quot;phone&quot;:null,&quot;tablet&quot;:null,&quot;widescreen&quot;:null}}}\"><\/div><div class=\"ui-row row\">\n <div   class=\"ui-column span6\"><div  class=\"ui--divider ui--animation clearfix ui--divider-solid-line\"><\/div><div  class=\"ui--icon-box position--left\"><span class=\"ui--icon-box-icon ui--animation\"><img decoding=\"async\" class=\"ui--icon\" src=\"https:\/\/www.digiemme.it\/wp-content\/uploads\/2016\/10\/tech-50.png\" alt=\"\" data-at2x=\"\" data-retina-auto=\"1\"\/><\/span><div  class=\"ui--icon-box-content\"><h2 class=\"ui--icon-box-title ui--animation text-left\" data-fx=\"fx--no-effect\"><span >INSTANDHALTUNG UND VERSCHIEDENE PRODUKTVARIANTEN OHNE UMR\u00dcSTEN<\/span><\/h2><div  class=\"ui--animation ui--icon-box-text text-left\" data-fx=\"fx--no-effect\"><p>Die Werkzeugteile k\u00f6nnen schnell ausgewechselt und gewartet werden. Mit einem einzigen Werkzeug k\u00f6nnen mehrere Produktvarianten gefertigt werden.<\/p>\n<\/div><\/div><\/div><div  class=\"ui--divider ui--animation clearfix ui--divider-solid-line\"><\/div><div  class=\"ui--icon-box position--left\"><span class=\"ui--icon-box-icon ui--animation\"><img decoding=\"async\" class=\"ui--icon\" src=\"https:\/\/www.digiemme.it\/wp-content\/uploads\/2016\/10\/tech-50.png\" alt=\"\" data-at2x=\"\" data-retina-auto=\"1\"\/><\/span><div  class=\"ui--icon-box-content\"><h2 class=\"ui--icon-box-title ui--animation text-left\" data-fx=\"fx--no-effect\"><span >AN STANDARDPRESSEN<\/span><\/h2><div  class=\"ui--animation ui--icon-box-text text-left\" data-fx=\"fx--no-effect\"><p>Kompakte Bauweise und einfache Installation an Standardpressen. Flexible Konfigurationen f\u00fcr verschiedene Anwendungen.<\/p>\n<\/div><\/div><\/div><div  class=\"ui--divider ui--animation clearfix ui--divider-solid-line\"><\/div><div  class=\"ui--icon-box position--left\"><span class=\"ui--icon-box-icon ui--animation\"><img decoding=\"async\" class=\"ui--icon\" src=\"https:\/\/www.digiemme.it\/wp-content\/uploads\/2016\/10\/tech-50.png\" alt=\"\" data-at2x=\"\" data-retina-auto=\"1\"\/><\/span><div  class=\"ui--icon-box-content\"><h2 class=\"ui--icon-box-title ui--animation text-left\" data-fx=\"fx--no-effect\"><span >QUALIT\u00c4T UND LANGLEBIGKEIT<\/span><\/h2><div  class=\"ui--animation ui--icon-box-text text-left\" data-fx=\"fx--no-effect\"><p>Die Werkzeuge werden konstruiert und hergestellt, um aufgabenspezifisch f\u00fcr jeden Umformungsvorgang und unabh\u00e4ngig von der Werkst\u00fcckgr\u00f6\u00dfe maximale Stabilit\u00e4t und Widerstandsf\u00e4higkeit zu garantieren.<\/p>\n<\/div><\/div><\/div><div  class=\"ui--divider ui--animation clearfix ui--divider-solid-line\"><\/div><\/div> \n\n <div   class=\"ui-column span6\"><div  class=\"ui--divider ui--animation clearfix ui--divider-solid-line\"><\/div><div  class=\"ui--icon-box position--left\"><span class=\"ui--icon-box-icon ui--animation\"><img decoding=\"async\" class=\"ui--icon\" src=\"https:\/\/www.digiemme.it\/wp-content\/uploads\/2016\/10\/tech-50.png\" alt=\"\" data-at2x=\"\" data-retina-auto=\"1\"\/><\/span><div  class=\"ui--icon-box-content\"><h2 class=\"ui--icon-box-title ui--animation text-left\" data-fx=\"fx--no-effect\"><span >MONTAGE UND ANDERE INLINE-BEARBEITUNGEN<\/span><\/h2><div  class=\"ui--animation ui--icon-box-text text-left\" data-fx=\"fx--no-effect\"><p>Nicht nur Umformen: Teilehandling, Montage, Gewindeformen, Schwei\u00dfen und weitere Inline-Bearbeitungen.<\/p>\n<\/div><\/div><\/div><div  class=\"ui--divider ui--animation clearfix ui--divider-solid-line\"><\/div><div  class=\"ui--icon-box position--left\"><span class=\"ui--icon-box-icon ui--animation\"><img decoding=\"async\" class=\"ui--icon\" src=\"https:\/\/www.digiemme.it\/wp-content\/uploads\/2016\/10\/tech-50.png\" alt=\"\" data-at2x=\"\" data-retina-auto=\"1\"\/><\/span><div  class=\"ui--icon-box-content\"><h2 class=\"ui--icon-box-title ui--animation text-left\" data-fx=\"fx--no-effect\"><span >MATERIALEINSPARUNG<\/span><\/h2><div  class=\"ui--animation ui--icon-box-text text-left\" data-fx=\"fx--no-effect\"><p>Beim Umformen wird nur die zur Fertigung des Produkts notwendige Mindestmaterialmenge eingesetzt. Schnelle Optimierung des Platinenzuschnitts, ohne das Werkzeuglayout zu beeintr\u00e4chtigen. <\/p>\n<\/div><\/div><\/div><div  class=\"ui--divider ui--animation clearfix ui--divider-solid-line\"><\/div><div  class=\"ui--icon-box position--left\"><span class=\"ui--icon-box-icon ui--animation\"><img decoding=\"async\" class=\"ui--icon\" src=\"https:\/\/www.digiemme.it\/wp-content\/uploads\/2016\/10\/tech-50.png\" alt=\"\" data-at2x=\"\" data-retina-auto=\"1\"\/><\/span><div  class=\"ui--icon-box-content\"><h2 class=\"ui--icon-box-title ui--animation text-left\" data-fx=\"fx--no-effect\"><span >HOHE HUBZAHL<\/span><\/h2><div  class=\"ui--animation ui--icon-box-text text-left\" data-fx=\"fx--no-effect\"><p>Zweiachsige Hochleistungstransferwerkzeuge: bis zu 500 Stck.\/Min.<\/p>\n<\/div><\/div><\/div><div  class=\"ui--divider ui--animation clearfix ui--divider-solid-line\"><\/div><\/div> \n\n<\/div> \n<\/div><\/div><\/div><!-- \/.fullwidth-container -->","protected":false},"excerpt":{"rendered":"<p>UnsereTransfertechnikOur TransferTechnology6 GUTE GR\u00dcNDE F\u00dcR UNSERE TRANSFERTECHNIK ZU W\u00c4HLEN UnsereTransfertechnik6 GUTE GR\u00dcNDE F\u00dcR UNSERE TRANSFERTECHNIK ZU W\u00c4HLENVorteileBei der Transfertechnik wird das Teil mittels eines Transfersystems, das in vollem Umfang mit der Pressenbewegung synchronisiert ist, w\u00e4hrend des gesamten Prozesses nicht mehr im Band, sondern als Einzelteil von Station zu Station transportiert. INSTANDHALTUNG UND VERSCHIEDENE PRODUKTVARIANTEN OHNE [&hellip;]<\/p>\n","protected":false},"author":1,"featured_media":0,"parent":0,"menu_order":0,"comment_status":"closed","ping_status":"closed","template":"","meta":{"footnotes":""},"class_list":["post-2410","page","type-page","status-publish","hentry"],"yoast_head":"<!-- This site is optimized with the Yoast SEO plugin v27.5 - https:\/\/yoast.com\/product\/yoast-seo-wordpress\/ -->\n<title>Vorteile - DiGiEmme<\/title>\n<meta name=\"robots\" content=\"index, follow, max-snippet:-1, max-image-preview:large, max-video-preview:-1\" \/>\n<link rel=\"canonical\" href=\"https:\/\/www.digiemme.it\/de\/tecnologia-transfer\/\" \/>\n<meta property=\"og:locale\" content=\"de_DE\" \/>\n<meta property=\"og:type\" content=\"article\" \/>\n<meta property=\"og:title\" content=\"Vorteile - DiGiEmme\" \/>\n<meta property=\"og:description\" content=\"UnsereTransfertechnikOur TransferTechnology6 GUTE GR\u00dcNDE F\u00dcR UNSERE TRANSFERTECHNIK ZU W\u00c4HLEN UnsereTransfertechnik6 GUTE GR\u00dcNDE F\u00dcR UNSERE TRANSFERTECHNIK ZU W\u00c4HLENVorteileBei der Transfertechnik wird das Teil mittels eines Transfersystems, das in vollem Umfang mit der Pressenbewegung synchronisiert ist, w\u00e4hrend des gesamten Prozesses nicht mehr im Band, sondern als Einzelteil von Station zu Station transportiert. INSTANDHALTUNG UND VERSCHIEDENE PRODUKTVARIANTEN OHNE [&hellip;]\" \/>\n<meta property=\"og:url\" content=\"https:\/\/www.digiemme.it\/tecnologia-transfer\/\" \/>\n<meta property=\"og:site_name\" content=\"DiGiEmme\" \/>\n<meta property=\"article:modified_time\" content=\"2017-10-31T08:12:48+00:00\" \/>\n<meta name=\"twitter:card\" content=\"summary_large_image\" \/>\n<script type=\"application\/ld+json\" class=\"yoast-schema-graph\">{\"@context\":\"https:\\\/\\\/schema.org\",\"@graph\":[{\"@type\":\"WebPage\",\"@id\":\"https:\\\/\\\/www.digiemme.it\\\/tecnologia-transfer\\\/\",\"url\":\"https:\\\/\\\/www.digiemme.it\\\/tecnologia-transfer\\\/\",\"name\":\"Vorteile - DiGiEmme\",\"isPartOf\":{\"@id\":\"https:\\\/\\\/www.digiemme.it\\\/#website\"},\"datePublished\":\"2016-10-11T15:19:13+00:00\",\"dateModified\":\"2017-10-31T08:12:48+00:00\",\"breadcrumb\":{\"@id\":\"https:\\\/\\\/www.digiemme.it\\\/tecnologia-transfer\\\/#breadcrumb\"},\"inLanguage\":\"de\",\"potentialAction\":[{\"@type\":\"ReadAction\",\"target\":[\"https:\\\/\\\/www.digiemme.it\\\/tecnologia-transfer\\\/\"]}]},{\"@type\":\"BreadcrumbList\",\"@id\":\"https:\\\/\\\/www.digiemme.it\\\/tecnologia-transfer\\\/#breadcrumb\",\"itemListElement\":[{\"@type\":\"ListItem\",\"position\":1,\"name\":\"Home\",\"item\":\"https:\\\/\\\/www.digiemme.it\\\/de\\\/\"},{\"@type\":\"ListItem\",\"position\":2,\"name\":\"Vorteile\"}]},{\"@type\":\"WebSite\",\"@id\":\"https:\\\/\\\/www.digiemme.it\\\/#website\",\"url\":\"https:\\\/\\\/www.digiemme.it\\\/\",\"name\":\"DiGiEmme\",\"description\":\"Cold Metal Stamping\",\"potentialAction\":[{\"@type\":\"SearchAction\",\"target\":{\"@type\":\"EntryPoint\",\"urlTemplate\":\"https:\\\/\\\/www.digiemme.it\\\/?s={search_term_string}\"},\"query-input\":{\"@type\":\"PropertyValueSpecification\",\"valueRequired\":true,\"valueName\":\"search_term_string\"}}],\"inLanguage\":\"de\"}]}<\/script>\n<!-- \/ Yoast SEO plugin. -->","yoast_head_json":{"title":"Vorteile - DiGiEmme","robots":{"index":"index","follow":"follow","max-snippet":"max-snippet:-1","max-image-preview":"max-image-preview:large","max-video-preview":"max-video-preview:-1"},"canonical":"https:\/\/www.digiemme.it\/de\/tecnologia-transfer\/","og_locale":"de_DE","og_type":"article","og_title":"Vorteile - DiGiEmme","og_description":"UnsereTransfertechnikOur TransferTechnology6 GUTE GR\u00dcNDE F\u00dcR UNSERE TRANSFERTECHNIK ZU W\u00c4HLEN UnsereTransfertechnik6 GUTE GR\u00dcNDE F\u00dcR UNSERE TRANSFERTECHNIK ZU W\u00c4HLENVorteileBei der Transfertechnik wird das Teil mittels eines Transfersystems, das in vollem Umfang mit der Pressenbewegung synchronisiert ist, w\u00e4hrend des gesamten Prozesses nicht mehr im Band, sondern als Einzelteil von Station zu Station transportiert. INSTANDHALTUNG UND VERSCHIEDENE PRODUKTVARIANTEN OHNE [&hellip;]","og_url":"https:\/\/www.digiemme.it\/tecnologia-transfer\/","og_site_name":"DiGiEmme","article_modified_time":"2017-10-31T08:12:48+00:00","twitter_card":"summary_large_image","schema":{"@context":"https:\/\/schema.org","@graph":[{"@type":"WebPage","@id":"https:\/\/www.digiemme.it\/tecnologia-transfer\/","url":"https:\/\/www.digiemme.it\/tecnologia-transfer\/","name":"Vorteile - DiGiEmme","isPartOf":{"@id":"https:\/\/www.digiemme.it\/#website"},"datePublished":"2016-10-11T15:19:13+00:00","dateModified":"2017-10-31T08:12:48+00:00","breadcrumb":{"@id":"https:\/\/www.digiemme.it\/tecnologia-transfer\/#breadcrumb"},"inLanguage":"de","potentialAction":[{"@type":"ReadAction","target":["https:\/\/www.digiemme.it\/tecnologia-transfer\/"]}]},{"@type":"BreadcrumbList","@id":"https:\/\/www.digiemme.it\/tecnologia-transfer\/#breadcrumb","itemListElement":[{"@type":"ListItem","position":1,"name":"Home","item":"https:\/\/www.digiemme.it\/de\/"},{"@type":"ListItem","position":2,"name":"Vorteile"}]},{"@type":"WebSite","@id":"https:\/\/www.digiemme.it\/#website","url":"https:\/\/www.digiemme.it\/","name":"DiGiEmme","description":"Cold Metal Stamping","potentialAction":[{"@type":"SearchAction","target":{"@type":"EntryPoint","urlTemplate":"https:\/\/www.digiemme.it\/?s={search_term_string}"},"query-input":{"@type":"PropertyValueSpecification","valueRequired":true,"valueName":"search_term_string"}}],"inLanguage":"de"}]}},"_links":{"self":[{"href":"https:\/\/www.digiemme.it\/de\/wp-json\/wp\/v2\/pages\/2410\/"}],"collection":[{"href":"https:\/\/www.digiemme.it\/de\/wp-json\/wp\/v2\/pages\/"}],"about":[{"href":"https:\/\/www.digiemme.it\/de\/wp-json\/wp\/v2\/types\/page\/"}],"author":[{"embeddable":true,"href":"https:\/\/www.digiemme.it\/de\/wp-json\/wp\/v2\/users\/1\/"}],"replies":[{"embeddable":true,"href":"https:\/\/www.digiemme.it\/de\/wp-json\/wp\/v2\/comments\/?post=2410"}],"version-history":[{"count":4,"href":"https:\/\/www.digiemme.it\/de\/wp-json\/wp\/v2\/pages\/2410\/revisions\/"}],"predecessor-version":[{"id":2415,"href":"https:\/\/www.digiemme.it\/de\/wp-json\/wp\/v2\/pages\/2410\/revisions\/2415\/"}],"wp:attachment":[{"href":"https:\/\/www.digiemme.it\/de\/wp-json\/wp\/v2\/media\/?parent=2410"}],"curies":[{"name":"wp","href":"https:\/\/api.w.org\/{rel}","templated":true}]}}