{"id":2416,"date":"2016-10-11T12:56:30","date_gmt":"2016-10-11T10:56:30","guid":{"rendered":"http:\/\/www.digiemme.it\/about-us\/"},"modified":"2017-10-31T09:38:04","modified_gmt":"2017-10-31T08:38:04","slug":"ueber-uns","status":"publish","type":"page","link":"https:\/\/www.digiemme.it\/de\/ueber-uns\/","title":{"rendered":"\u00dcber uns"},"content":{"rendered":"<div  id=\"section-qh6nl\" class=\"fullwidth-content ui--section clearfix section-qh6nl\" style=\"margin-top: -30px;\"><div  class=\"ui--section-content\"><div class=\"container\"><div  class=\"ui--space clearfix\" style=\"height: 450px;\" data-responsive=\"{&quot;css&quot;:{&quot;height&quot;:{&quot;phone&quot;:&quot;150px&quot;,&quot;tablet&quot;:&quot;300px&quot;,&quot;widescreen&quot;:&quot;450px&quot;}}}\"><\/div><\/div><\/div><\/div><!-- \/.fullwidth-container --><div class=\"hidden-phone \"><h1 id=\"custom-title-1\" class=\"ui--animation \" style=\"font-size: 64px; line-height: 70px; margin-top: 50px; \" >Wir \u00fcber uns<\/h1><\/div><div class=\"visible-phone \"><h1 id=\"custom-title-2\" class=\"ui--animation \" style=\"font-size: 35px; line-height: 45px; margin-top: 50px; \" >Wir \u00fcber uns<\/h1><\/div><h3 id=\"custom-title-h3-1\" class=\"ui--animation \" style=\"margin-top: 10px; \">SYSTEML\u00d6SUNGEN F\u00dcR DIE BLECHUMFORMUNG SEIT 1974<\/h3><div  id=\"section-9zcd9\" class=\"fullwidth-content ui--section clearfix cloudfw-ui-parallax-effect section-9zcd9\"><div class=\"ui--video-background-holder\"><div  class=\"ui--parallax ui--cover\" data-stellar-ratio=\"0.3\"><\/div><\/div><div  class=\"ui--section-content\"><div class=\"container\"><div class=\"ui-row row\">\n <div   class=\"ui-column span4\"><div  class=\"ui--tagline-box-wrapper ui--animation clearfix\"><div  id=\"tagline-1\" class=\"ui--tagline-box ui-row clearfix ui--tagline-box-custom-color radius-6px\" data-responsive=\"{&quot;css&quot;:{&quot;min-height&quot;:{&quot;phone&quot;:&quot;auto&quot;,&quot;tablet&quot;:&quot;auto&quot;,&quot;widescreen&quot;:&quot;&quot;}}}\"><div  class=\"ui--tagline-background-container ui--tagline-background-overlay radius-6px\"><\/div><div  class=\"ui--tagline-background-container ui--tagline-background-image radius-6px\"><\/div><div  class=\"ui--tagline-content\"><div class=\"auto-format ui--animation\"><p>Di.Gi.Emme ist seit 1974 im Bereich Blechumformung und Transfertechnik t\u00e4tig.<\/p>\n<p>Wir realisieren Komplettsysteme und -anlagen, Werkzeuge, mechanische und elektronische Transfersysteme, mechanische und Servopressen sowie Vorschubger\u00e4te f\u00fcr jeden Industriebereich, alles aus einer Hand.<\/p>\n<p>Wir \u00fcbernehmen zudem Aufgaben der Lohnfertigung im Bereich Stanzen und Umformen einschlie\u00dflich der Herstellung von Fertigteilen. <\/p>\n<\/div><\/div><\/div><div class=\"ui--shadow ui--shadow-type-8  clearfix\"><img decoding=\"async\" src=\"https:\/\/www.digiemme.it\/wp-content\/themes\/envision\/includes\/modules\/module.shadow\/shadows\/shadow-8.png\" alt=\"shadow\" \/><\/div><\/div><\/div> \n\n <div   class=\"ui-column span8\"><\/div> \n\n<\/div> \n<\/div><\/div><\/div><!-- \/.fullwidth-container --><div  class=\"ui--space clearfix\" data-responsive=\"{&quot;css&quot;:{&quot;height&quot;:{&quot;phone&quot;:null,&quot;tablet&quot;:null,&quot;widescreen&quot;:null}}}\"><\/div><div class=\"auto-format ui--animation\"><p><span style=\"color:#55514F\">Im Zuge der kontinuierlichen Weiterentwicklung der Branche fertigen wir heute Maschinen und Teile der Spitzenqualit\u00e4t und entwickeln modernste Technologien.<br \/>\nDank unserer st\u00e4ndigen Forschungs- und Entwicklungsarbeit sind wir in der Lage, die Bed\u00fcrfnisse unserer Kunden zu befriedigen und liefern optimale technische L\u00f6sungen, die die Fertigung und den Materialverbrauch optimieren sowie den Zeit- und Arbeitsaufwand reduzieren.<br \/>\n<\/span><\/p>\n<\/div><div  class=\"ui--space clearfix\" data-responsive=\"{&quot;css&quot;:{&quot;height&quot;:{&quot;phone&quot;:null,&quot;tablet&quot;:null,&quot;widescreen&quot;:null}}}\"><\/div><div  id=\"section-wa74b\" class=\"fullwidth-content ui--section clearfix cloudfw-ui-parallax-effect section-wa74b\"><div class=\"ui--video-background-holder\"><div  class=\"ui--parallax ui--cover\" data-stellar-ratio=\"0.3\"><\/div><\/div><div  class=\"ui--section-content\"><div class=\"container\"><div class=\"ui-row row\">\n <div   class=\"ui-column span8\"><\/div> \n\n <div   class=\"ui-column span4\"><div  class=\"ui--tagline-box-wrapper ui--animation clearfix\"><div  id=\"tagline-2\" class=\"ui--tagline-box ui-row clearfix ui--tagline-box-custom-color radius-6px\" data-responsive=\"{&quot;css&quot;:{&quot;min-height&quot;:{&quot;phone&quot;:&quot;auto&quot;,&quot;tablet&quot;:&quot;auto&quot;,&quot;widescreen&quot;:&quot;&quot;}}}\"><div  class=\"ui--tagline-background-container ui--tagline-background-overlay radius-6px\"><\/div><div  class=\"ui--tagline-background-container ui--tagline-background-image radius-6px\"><\/div><div  class=\"ui--tagline-content\"><div class=\"auto-format ui--animation\"><p>Im Lauf der Jahre kn\u00fcpften wir Beziehungen zur Zusammenarbeit mit hoch qualifizierten Partnern und schufen ein Lieferantennetzwerk, das uns in die Lage versetzt, auch Gro\u00dfprojekte zu meistern.<\/p>\n<p>Dank dieser soliden Partnerschaften k\u00f6nnen wir unseren Kunden hochwertige L\u00f6sungen bieten, die den Anspr\u00fcchen gerecht werden und Kosten optimieren.<\/p>\n<\/div><\/div><\/div><div class=\"ui--shadow ui--shadow-type-8  clearfix\"><img decoding=\"async\" src=\"https:\/\/www.digiemme.it\/wp-content\/themes\/envision\/includes\/modules\/module.shadow\/shadows\/shadow-8.png\" alt=\"shadow\" \/><\/div><\/div><\/div> \n\n<\/div> \n<\/div><\/div><\/div><!-- \/.fullwidth-container --><div  class=\"ui--space clearfix\" data-responsive=\"{&quot;css&quot;:{&quot;height&quot;:{&quot;phone&quot;:null,&quot;tablet&quot;:null,&quot;widescreen&quot;:null}}}\"><\/div><h1 id=\"custom-title-h1-1\" class=\"ui--animation \" style=\"\">Historie <\/h1><div class=\"auto-format ui--animation\"><p>\n<table id=\"tablepress-6\" class=\"tablepress tablepress-id-6\">\n<tbody class=\"row-hover\">\n<tr class=\"row-1\">\n\t<td class=\"column-1\"><span style=\"font-size:18px; color:#DA1C4C; font-weight:bold;\">2019<\/span><\/td><td class=\"column-2\">Erster Hochleistungs-F\u00fctterkalander <\/td>\n<\/tr>\n<tr class=\"row-2\">\n\t<td class=\"column-1\"><span style=\"font-size:18px; color:#DA1C4C; font-weight:bold; align=center\">2016<\/span><\/td><td class=\"column-2\">Einsatz der FEM zur Prozesssimulation in der Umformtechnik <\/td>\n<\/tr>\n<tr class=\"row-3\">\n\t<td class=\"column-1\"><span style=\"font-size:18px; color:#DA1C4C; font-weight:bold;\">2013<\/span><\/td><td class=\"column-2\">TE2AV3700 \u2013 elektronischer Hochgeschwindigkeitstransfersysteme<\/td>\n<\/tr>\n<tr class=\"row-4\">\n\t<td class=\"column-1\"><span style=\"font-size:18px; color:#DA1C4C; font-weight:bold;\">2010<\/span><\/td><td class=\"column-2\">Elektromechanischer Transfer<\/td>\n<\/tr>\n<tr class=\"row-5\">\n\t<td class=\"column-1\"><span style=\"font-size:18px; color:#DA1C4C; font-weight:bold;\">2005<\/span><\/td><td class=\"column-2\">Beginn der Zusammenarbeit mit Oti Presse zur Lieferung kompletter Anlagen<\/td>\n<\/tr>\n<tr class=\"row-6\">\n\t<td class=\"column-1\"><span style=\"font-size:18px; color:#DA1C4C; font-weight:bold;\">2005<\/span><\/td><td class=\"column-2\">Neues Servo-Transfersystem TE2AV2<\/td>\n<\/tr>\n<tr class=\"row-7\">\n\t<td class=\"column-1\"><span style=\"font-size:18px; color:#DA1C4C; font-weight:bold;\">2003<\/span><\/td><td class=\"column-2\">Die zweite Generation steigt ins Unternehmen ein<\/td>\n<\/tr>\n<tr class=\"row-8\">\n\t<td class=\"column-1\"><span style=\"font-size:18px; color:#DA1C4C; font-weight:bold;\">2001<\/span><\/td><td class=\"column-2\">Umstieg auf die 3-D-Konstruktion f\u00fcr den Werkzeugbau<\/td>\n<\/tr>\n<tr class=\"row-9\">\n\t<td class=\"column-1\"><span style=\"font-size:18px; color:#DA1C4C; font-weight:bold;\">2000<\/span><\/td><td class=\"column-2\">Anschaffung eines neuen Werksgeb\u00e4udes f\u00fcr die Fertigung von Stanz- und Umformteilen <\/td>\n<\/tr>\n<tr class=\"row-10\">\n\t<td class=\"column-1\"><span style=\"font-size:18px; color:#DA1C4C; font-weight:bold;\">1999<\/span><\/td><td class=\"column-2\"><a href=\"http:\/\/www.digiemme.it\/wp-content\/uploads\/2018\/01\/DGM-TUV-2018.pdf\" target=\"_blank\" rel=\"noopener\">Zertifizierung nach ISO 9001<\/a><\/td>\n<\/tr>\n<tr class=\"row-11\">\n\t<td class=\"column-1\"><span style=\"font-size:18px; color:#DA1C4C; font-weight:bold;\">1996<\/span><\/td><td class=\"column-2\">T150R2S \u2013 mechanisches Hochgeschwindigkeitstransfersystem (bis 250 H\u00fcbe\/Min.)<\/td>\n<\/tr>\n<tr class=\"row-12\">\n\t<td class=\"column-1\"><span style=\"font-size:18px; color:#DA1C4C; font-weight:bold;\">1996<\/span><\/td><td class=\"column-2\">Einstieg in die Fertigung von Stanz- und Umformteilen <\/td>\n<\/tr>\n<tr class=\"row-13\">\n\t<td class=\"column-1\"><span style=\"font-size:18px; color:#DA1C4C; font-weight:bold;\">1995<\/span><\/td><td class=\"column-2\">Erweiterung des Werks in Carugo durch die Einrichtung eines Bereichs f\u00fcr die Werkzeugerprobung und die Fertigung von schl\u00fcsselfertigen Anlagen<\/td>\n<\/tr>\n<tr class=\"row-14\">\n\t<td class=\"column-1\"><span style=\"font-size:18px; color:#DA1C4C; font-weight:bold;\">1993<\/span><\/td><td class=\"column-2\">Erstes einer Reihe von Patenten f\u00fcr Umformsysteme zur Reduzierung des Materialverbrauchs<\/td>\n<\/tr>\n<tr class=\"row-15\">\n\t<td class=\"column-1\"><span style=\"font-size:18px; color:#DA1C4C; font-weight:bold;\">1986<\/span><\/td><td class=\"column-2\">T200 \u2013 neue Generation mechanischer Transfersysteme<\/td>\n<\/tr>\n<tr class=\"row-16\">\n\t<td class=\"column-1\"><span style=\"font-size:18px; color:#DA1C4C; font-weight:bold;\">1985<\/span><\/td><td class=\"column-2\">Erster elektronischer Transfer TEM <\/td>\n<\/tr>\n<tr class=\"row-17\">\n\t<td class=\"column-1\"><span style=\"font-size:18px; color:#DA1C4C; font-weight:bold;\">1984<\/span><\/td><td class=\"column-2\">Erstes leistungsstarkes elektronisches Vorschaltger\u00e4t<\/td>\n<\/tr>\n<tr class=\"row-18\">\n\t<td class=\"column-1\"><span style=\"font-size:18px; color:#DA1C4C; font-weight:bold;\">1982<\/span><\/td><td class=\"column-2\">Neues Werk in Carugo (Como, Italien) zur Werkzeugfertigung<\/td>\n<\/tr>\n<tr class=\"row-19\">\n\t<td class=\"column-1\"><span style=\"font-size:18px; color:#DA1C4C; font-weight:bold;\">1979<\/span><\/td><td class=\"column-2\">Erste komplette Anlage<\/td>\n<\/tr>\n<tr class=\"row-20\">\n\t<td class=\"column-1\"><span style=\"font-size:18px; color:#DA1C4C; font-weight:bold;\">1975<\/span><\/td><td class=\"column-2\">Erster mechanischer Transfer T150 <\/td>\n<\/tr>\n<tr class=\"row-21\">\n\t<td class=\"column-1\"><span style=\"font-size:18px; color:#DA1C4C; font-weight:bold;\">1974<\/span><\/td><td class=\"column-2\">Gr\u00fcndungsjahr<\/td>\n<\/tr>\n<\/tbody>\n<\/table>\n<!-- #tablepress-6 from cache --><\/p>\n<\/div>","protected":false},"excerpt":{"rendered":"<p>Wir \u00fcber unsWir \u00fcber unsSYSTEML\u00d6SUNGEN F\u00dcR DIE BLECHUMFORMUNG SEIT 1974 Di.Gi.Emme ist seit 1974 im Bereich Blechumformung und Transfertechnik t\u00e4tig. Wir realisieren Komplettsysteme und -anlagen, Werkzeuge, mechanische und elektronische Transfersysteme, mechanische und Servopressen sowie Vorschubger\u00e4te f\u00fcr jeden Industriebereich, alles aus einer Hand. Wir \u00fcbernehmen zudem Aufgaben der Lohnfertigung im Bereich Stanzen und Umformen einschlie\u00dflich der [&hellip;]<\/p>\n","protected":false},"author":1,"featured_media":0,"parent":0,"menu_order":0,"comment_status":"closed","ping_status":"closed","template":"","meta":{"footnotes":""},"class_list":["post-2416","page","type-page","status-publish","hentry"],"yoast_head":"<!-- This site is optimized with the Yoast SEO plugin v27.6 - https:\/\/yoast.com\/product\/yoast-seo-wordpress\/ -->\n<title>\u00dcber uns - DiGiEmme<\/title>\n<meta name=\"robots\" content=\"index, follow, max-snippet:-1, max-image-preview:large, max-video-preview:-1\" \/>\n<link rel=\"canonical\" href=\"https:\/\/www.digiemme.it\/de\/digiemme-stampaggio-a-freddo-metallo\/\" \/>\n<meta property=\"og:locale\" content=\"de_DE\" \/>\n<meta property=\"og:type\" content=\"article\" \/>\n<meta property=\"og:title\" content=\"\u00dcber uns - DiGiEmme\" \/>\n<meta property=\"og:description\" content=\"Wir \u00fcber unsWir \u00fcber unsSYSTEML\u00d6SUNGEN F\u00dcR DIE BLECHUMFORMUNG SEIT 1974 Di.Gi.Emme ist seit 1974 im Bereich Blechumformung und Transfertechnik t\u00e4tig. Wir realisieren Komplettsysteme und -anlagen, Werkzeuge, mechanische und elektronische Transfersysteme, mechanische und Servopressen sowie Vorschubger\u00e4te f\u00fcr jeden Industriebereich, alles aus einer Hand. Wir \u00fcbernehmen zudem Aufgaben der Lohnfertigung im Bereich Stanzen und Umformen einschlie\u00dflich der [&hellip;]\" \/>\n<meta property=\"og:url\" content=\"https:\/\/www.digiemme.it\/digiemme-stampaggio-a-freddo-metallo\/\" \/>\n<meta property=\"og:site_name\" content=\"DiGiEmme\" \/>\n<meta property=\"article:modified_time\" content=\"2017-10-31T08:38:04+00:00\" \/>\n<meta name=\"twitter:card\" content=\"summary_large_image\" \/>\n<script type=\"application\/ld+json\" class=\"yoast-schema-graph\">{\"@context\":\"https:\\\/\\\/schema.org\",\"@graph\":[{\"@type\":\"WebPage\",\"@id\":\"https:\\\/\\\/www.digiemme.it\\\/digiemme-stampaggio-a-freddo-metallo\\\/\",\"url\":\"https:\\\/\\\/www.digiemme.it\\\/digiemme-stampaggio-a-freddo-metallo\\\/\",\"name\":\"\u00dcber uns - DiGiEmme\",\"isPartOf\":{\"@id\":\"https:\\\/\\\/www.digiemme.it\\\/#website\"},\"datePublished\":\"2016-10-11T10:56:30+00:00\",\"dateModified\":\"2017-10-31T08:38:04+00:00\",\"breadcrumb\":{\"@id\":\"https:\\\/\\\/www.digiemme.it\\\/digiemme-stampaggio-a-freddo-metallo\\\/#breadcrumb\"},\"inLanguage\":\"de\",\"potentialAction\":[{\"@type\":\"ReadAction\",\"target\":[\"https:\\\/\\\/www.digiemme.it\\\/digiemme-stampaggio-a-freddo-metallo\\\/\"]}]},{\"@type\":\"BreadcrumbList\",\"@id\":\"https:\\\/\\\/www.digiemme.it\\\/digiemme-stampaggio-a-freddo-metallo\\\/#breadcrumb\",\"itemListElement\":[{\"@type\":\"ListItem\",\"position\":1,\"name\":\"Home\",\"item\":\"https:\\\/\\\/www.digiemme.it\\\/de\\\/\"},{\"@type\":\"ListItem\",\"position\":2,\"name\":\"\u00dcber uns\"}]},{\"@type\":\"WebSite\",\"@id\":\"https:\\\/\\\/www.digiemme.it\\\/#website\",\"url\":\"https:\\\/\\\/www.digiemme.it\\\/\",\"name\":\"DiGiEmme\",\"description\":\"Cold Metal Stamping\",\"potentialAction\":[{\"@type\":\"SearchAction\",\"target\":{\"@type\":\"EntryPoint\",\"urlTemplate\":\"https:\\\/\\\/www.digiemme.it\\\/?s={search_term_string}\"},\"query-input\":{\"@type\":\"PropertyValueSpecification\",\"valueRequired\":true,\"valueName\":\"search_term_string\"}}],\"inLanguage\":\"de\"}]}<\/script>\n<!-- \/ Yoast SEO plugin. -->","yoast_head_json":{"title":"\u00dcber uns - DiGiEmme","robots":{"index":"index","follow":"follow","max-snippet":"max-snippet:-1","max-image-preview":"max-image-preview:large","max-video-preview":"max-video-preview:-1"},"canonical":"https:\/\/www.digiemme.it\/de\/digiemme-stampaggio-a-freddo-metallo\/","og_locale":"de_DE","og_type":"article","og_title":"\u00dcber uns - DiGiEmme","og_description":"Wir \u00fcber unsWir \u00fcber unsSYSTEML\u00d6SUNGEN F\u00dcR DIE BLECHUMFORMUNG SEIT 1974 Di.Gi.Emme ist seit 1974 im Bereich Blechumformung und Transfertechnik t\u00e4tig. Wir realisieren Komplettsysteme und -anlagen, Werkzeuge, mechanische und elektronische Transfersysteme, mechanische und Servopressen sowie Vorschubger\u00e4te f\u00fcr jeden Industriebereich, alles aus einer Hand. Wir \u00fcbernehmen zudem Aufgaben der Lohnfertigung im Bereich Stanzen und Umformen einschlie\u00dflich der [&hellip;]","og_url":"https:\/\/www.digiemme.it\/digiemme-stampaggio-a-freddo-metallo\/","og_site_name":"DiGiEmme","article_modified_time":"2017-10-31T08:38:04+00:00","twitter_card":"summary_large_image","schema":{"@context":"https:\/\/schema.org","@graph":[{"@type":"WebPage","@id":"https:\/\/www.digiemme.it\/digiemme-stampaggio-a-freddo-metallo\/","url":"https:\/\/www.digiemme.it\/digiemme-stampaggio-a-freddo-metallo\/","name":"\u00dcber uns - DiGiEmme","isPartOf":{"@id":"https:\/\/www.digiemme.it\/#website"},"datePublished":"2016-10-11T10:56:30+00:00","dateModified":"2017-10-31T08:38:04+00:00","breadcrumb":{"@id":"https:\/\/www.digiemme.it\/digiemme-stampaggio-a-freddo-metallo\/#breadcrumb"},"inLanguage":"de","potentialAction":[{"@type":"ReadAction","target":["https:\/\/www.digiemme.it\/digiemme-stampaggio-a-freddo-metallo\/"]}]},{"@type":"BreadcrumbList","@id":"https:\/\/www.digiemme.it\/digiemme-stampaggio-a-freddo-metallo\/#breadcrumb","itemListElement":[{"@type":"ListItem","position":1,"name":"Home","item":"https:\/\/www.digiemme.it\/de\/"},{"@type":"ListItem","position":2,"name":"\u00dcber uns"}]},{"@type":"WebSite","@id":"https:\/\/www.digiemme.it\/#website","url":"https:\/\/www.digiemme.it\/","name":"DiGiEmme","description":"Cold Metal Stamping","potentialAction":[{"@type":"SearchAction","target":{"@type":"EntryPoint","urlTemplate":"https:\/\/www.digiemme.it\/?s={search_term_string}"},"query-input":{"@type":"PropertyValueSpecification","valueRequired":true,"valueName":"search_term_string"}}],"inLanguage":"de"}]}},"_links":{"self":[{"href":"https:\/\/www.digiemme.it\/de\/wp-json\/wp\/v2\/pages\/2416\/"}],"collection":[{"href":"https:\/\/www.digiemme.it\/de\/wp-json\/wp\/v2\/pages\/"}],"about":[{"href":"https:\/\/www.digiemme.it\/de\/wp-json\/wp\/v2\/types\/page\/"}],"author":[{"embeddable":true,"href":"https:\/\/www.digiemme.it\/de\/wp-json\/wp\/v2\/users\/1\/"}],"replies":[{"embeddable":true,"href":"https:\/\/www.digiemme.it\/de\/wp-json\/wp\/v2\/comments\/?post=2416"}],"version-history":[{"count":3,"href":"https:\/\/www.digiemme.it\/de\/wp-json\/wp\/v2\/pages\/2416\/revisions\/"}],"predecessor-version":[{"id":2419,"href":"https:\/\/www.digiemme.it\/de\/wp-json\/wp\/v2\/pages\/2416\/revisions\/2419\/"}],"wp:attachment":[{"href":"https:\/\/www.digiemme.it\/de\/wp-json\/wp\/v2\/media\/?parent=2416"}],"curies":[{"name":"wp","href":"https:\/\/api.w.org\/{rel}","templated":true}]}}