{"id":2428,"date":"2016-10-24T15:01:13","date_gmt":"2016-10-24T13:01:13","guid":{"rendered":"http:\/\/www.digiemme.it\/dgm-global-presence\/"},"modified":"2019-01-28T11:35:16","modified_gmt":"2019-01-28T10:35:16","slug":"weltweit","status":"publish","type":"page","link":"https:\/\/www.digiemme.it\/de\/weltweit\/","title":{"rendered":"Weltweit"},"content":{"rendered":"<div  id=\"section-yd8t9\" class=\"fullwidth-content ui--section clearfix section-yd8t9 color--dark\" style=\"margin-top: -30px;\"><div  class=\"ui--section-content\"><div class=\"container\"><div class=\"ui--image-wrap clearfix\"><img  id=\"ui--image-1\" class=\"ui--image ui--animation\" src=\"https:\/\/www.digiemme.it\/wp-content\/uploads\/2019\/01\/mondo-de-3-3.png\" alt=\"\" title=\"\" data-at2x=\"\"\/><\/div><\/div><\/div><\/div><!-- \/.fullwidth-container --><div  class=\"ui--space clearfix\" data-responsive=\"{&quot;css&quot;:{&quot;height&quot;:{&quot;phone&quot;:null,&quot;tablet&quot;:null,&quot;widescreen&quot;:null}}}\"><\/div><div class=\"hidden-phone \"><h1 id=\"custom-title-1\" class=\"ui--animation \" style=\"font-size: 50px; line-height: 46px; \" >Transfertechnik<\/h1><h3 id=\"custom-title-h3-1\" class=\"ui--animation \" style=\"\">UM IM INTERNATIONALEN WETTBEWERB ZU BESTEHEN<\/h3><\/div><div class=\"visible-phone \"><h1 id=\"custom-title-2\" class=\"ui--animation \" style=\"font-size: 40px; line-height: 55px; \" >Transfertechnik<\/h1><h3 id=\"custom-title-h3-2\" class=\"ui--animation \" style=\"\">UM IM INTERNATIONALEN WETTBEWERB ZU BESTEHEN<\/h3><\/div><div class=\"auto-format ui--animation\"><p>Ist jedes neue Projekt f\u00fcr uns eine wahre Herausforderung, der wir mit h\u00f6chstem Engagement und ernsthaft entgegentreten.<br \/>\nDie Forschung und Entwicklung von innovativen L\u00f6sungen sind das Herzst\u00fcck unseres Erfolgs, unterst\u00fctzt von modernster Technologie der Spitzenklasse: Darum sind die Di.Gi.Emme-Produkte seit 1974 weltweit so erfolgreich!<\/p>\n<\/div><div  class=\"ui--space clearfix\" data-responsive=\"{&quot;css&quot;:{&quot;height&quot;:{&quot;phone&quot;:null,&quot;tablet&quot;:null,&quot;widescreen&quot;:null}}}\"><\/div>","protected":false},"excerpt":{"rendered":"<p>TransfertechnikUM IM INTERNATIONALEN WETTBEWERB ZU BESTEHENTransfertechnikUM IM INTERNATIONALEN WETTBEWERB ZU BESTEHENIst jedes neue Projekt f\u00fcr uns eine wahre Herausforderung, der wir mit h\u00f6chstem Engagement und ernsthaft entgegentreten. Die Forschung und Entwicklung von innovativen L\u00f6sungen sind das Herzst\u00fcck unseres Erfolgs, unterst\u00fctzt von modernster Technologie der Spitzenklasse: Darum sind die Di.Gi.Emme-Produkte seit 1974 weltweit so erfolgreich!<\/p>\n","protected":false},"author":3,"featured_media":0,"parent":0,"menu_order":0,"comment_status":"closed","ping_status":"closed","template":"","meta":[],"_links":{"self":[{"href":"https:\/\/www.digiemme.it\/de\/wp-json\/wp\/v2\/pages\/2428\/"}],"collection":[{"href":"https:\/\/www.digiemme.it\/de\/wp-json\/wp\/v2\/pages\/"}],"about":[{"href":"https:\/\/www.digiemme.it\/de\/wp-json\/wp\/v2\/types\/page\/"}],"author":[{"embeddable":true,"href":"https:\/\/www.digiemme.it\/de\/wp-json\/wp\/v2\/users\/3\/"}],"replies":[{"embeddable":true,"href":"https:\/\/www.digiemme.it\/de\/wp-json\/wp\/v2\/comments\/?post=2428"}],"version-history":[{"count":6,"href":"https:\/\/www.digiemme.it\/de\/wp-json\/wp\/v2\/pages\/2428\/revisions\/"}],"predecessor-version":[{"id":3203,"href":"https:\/\/www.digiemme.it\/de\/wp-json\/wp\/v2\/pages\/2428\/revisions\/3203\/"}],"wp:attachment":[{"href":"https:\/\/www.digiemme.it\/de\/wp-json\/wp\/v2\/media\/?parent=2428"}],"curies":[{"name":"wp","href":"https:\/\/api.w.org\/{rel}","templated":true}]}}