{"id":5104,"date":"2026-03-13T09:25:27","date_gmt":"2026-03-13T08:25:27","guid":{"rendered":"https:\/\/www.digiemme.it\/?page_id=5104"},"modified":"2026-03-13T09:25:27","modified_gmt":"2026-03-13T08:25:27","slug":"dgm-cold-metal-stamping-messe-2025-2","status":"publish","type":"page","link":"https:\/\/www.digiemme.it\/de\/","title":{"rendered":"DGM Cold Metal Stamping &#8211; Home &#8211; Messe 2025"},"content":{"rendered":"<div  class=\"fullwidth-content ui--section clearfix visible-phone \" style=\"margin-top: -30px;\"><div  class=\"ui--section-content\" style=\"padding-top: 0px;  padding-bottom: 0px;\"><div class=\"container\"><\/div><\/div><\/div><!-- \/.fullwidth-container --><div  class=\"fullwidth-content ui--section clearfix visible-phone \"><div  class=\"ui--section-content\"><div class=\"container\"><\/div><\/div><\/div><!-- \/.fullwidth-container --><div  class=\"fullwidth-content ui--section clearfix\" style=\"margin-top: 0px;\"><div  id=\"prova1\" class=\"ui--section-content\" style=\"padding-top: 50px;  padding-bottom: 50px;\"><div class=\"container\"><div class=\"ui-row row\">\n <div   class=\"ui-column span6\"><div class=\"ui--image-wrap clearfix\"><img  id=\"ui--image-1\" class=\"ui--image ui--animation\" src=\"https:\/\/www.digiemme.it\/wp-content\/uploads\/2016\/10\/turnkey-transfer-lines-blu-2.jpg\" alt=\"\" title=\"\" data-at2x=\"\"\/><\/div><\/div> \n\n <div   class=\"ui-column span6\"><div  class=\"ui--space clearfix\" style=\"height: 40px;\" data-responsive=\"{&quot;css&quot;:{&quot;height&quot;:{&quot;phone&quot;:&quot;0px&quot;,&quot;tablet&quot;:&quot;20px&quot;,&quot;widescreen&quot;:&quot;40px&quot;}}}\"><\/div><div class=\"hidden-phone \"><h1 id=\"custom-title-1\" class=\"ui--animation \" style=\"font-size: 65px; line-height: 70px; text-align: right; \" >Schl\u00fcsselfertige Transferanlagen<\/h1><\/div><div class=\"visible-phone \"><h1 id=\"custom-title-2\" class=\"ui--animation \" style=\"font-size: 45px; line-height: 55px; text-align: right; \" >Schl\u00fcsselfertige Transferanlagen<\/h1><\/div><h5 id=\"custom-title-h5-1\" class=\"ui--animation \" style=\"text-align: right; \">Auf der Grundlage unserer eingehenden Erfahrungen bei der Herstellung von Transferwerkzeugen konstruieren und fertigen wir schl\u00fcsselfertige Anlagen f\u00fcr die Kaltumformung von Metallteilen f\u00fcr verschiedene Industriezweige.Wir unterst\u00fctzen unsere Kunden w\u00e4hrend des gesamten Prozesses: von der Machbarkeitsstudie bis zur industriellen Serienfertigung der Teile.Um optimale Leistungen zu garantieren, werden unsere schl\u00fcsselfertigen Anlagen betriebsintern getestet.<\/h5><div class=\"text-right ui--animation\"><a class=\"btn btn-medium btn-icon-left btn-yellow\" href=\"https:\/\/www.digiemme.it\/turnkey-transfer-lines\/\" style=\"\">Weiter zur Seite >><\/a> <\/div><\/div> \n\n<\/div> \n<\/div><\/div><\/div><!-- \/.fullwidth-container --><div  class=\"ui--divider ui--animation clearfix ui--divider-fade-line\">\n\t\t\t\t\t\t<div class=\"ui--divider-inner-wrap\">\n\t\t\t\t\t\t\t<div class=\"ui--divider-part ui--divider-part-left\"><\/div>\n\t\t\t\t\t\t\t<div class=\"ui--divider-part ui--divider-part-right\"><\/div>\n\t\t\t\t\t\t<\/div>\n\t\t\t\t\t<\/div><div  class=\"fullwidth-content ui--section clearfix\" style=\"margin-top: -30px;\"><div  class=\"ui--section-content\" style=\"padding-top: 50px;  padding-bottom: 50px;\"><div class=\"container\"><div class=\"ui-row row\">\n <div   class=\"ui-column span6\"><div class=\"text-left\"><div class=\"visible-phone \"><h1 id=\"custom-title-3\" class=\"ui--animation \" style=\"font-size: 40px; line-height: 50px; \" >Unsere Transfertechnik<\/h1><\/div><div class=\"hidden-phone \"><h1 id=\"custom-title-4\" class=\"ui--animation \" style=\"font-size: 65px; line-height: 70px; \" >Unsere Transfertechnik<\/h1><\/div><h5 id=\"custom-title-h5-2\" class=\"ui--animation \" style=\"\">Unsere Transfertechnik garantiert hochwertige Produkte und Vorteile in puncto Produktionsleistung und Flexibilit\u00e4t.Unsere Werkzeuge und Transfereinrichtungen werden ma\u00dfgeschneidert konzipiert, um Bestleistungen zu bieten und den spezifischen Kundenbed\u00fcrfnissen optimal gerecht zu werden.Unsere Transfersysteme sind auf Langlebigkeit ausgelegt und k\u00f6nnen problemlos in jede beliebige Standardpresse integriert werden. <\/h5><a class=\"btn btn-medium btn-icon-right btn-yellow ui--animation\" href=\"https:\/\/www.digiemme.it\/transfer-technology-advantages\/\" style=\"\">Weiter zur Seite >><\/a> <\/div><\/div> \n\n <div   class=\"ui-column span6\"><div class=\"text-right\" id=\"Turnkey-Transfer-Lines\"><div class=\"ui-row row\">\n <div   class=\"ui-column span10\"><div class=\"ui--image-wrap clearfix text-center ui--block\" style=\"margin-top: 50px;\"><img  id=\"ui--image-2\" class=\"ui--image ui--animation\" src=\"https:\/\/www.digiemme.it\/wp-content\/uploads\/2016\/10\/stampo-rosso-sx-1.jpg\" alt=\"\" title=\"\" data-at2x=\"\"\/><\/div><\/div> \n\n<\/div> \n<\/div><\/div> \n\n<\/div> \n<\/div><\/div><\/div><!-- \/.fullwidth-container --><div  class=\"ui--divider ui--animation clearfix ui--divider-fade-line\">\n\t\t\t\t\t\t<div class=\"ui--divider-inner-wrap\">\n\t\t\t\t\t\t\t<div class=\"ui--divider-part ui--divider-part-left\"><\/div>\n\t\t\t\t\t\t\t<div class=\"ui--divider-part ui--divider-part-right\"><\/div>\n\t\t\t\t\t\t<\/div>\n\t\t\t\t\t<\/div><div  class=\"fullwidth-content ui--section clearfix\" style=\"margin-top: 0px;\"><div  id=\"prova1\" class=\"ui--section-content\" style=\"padding-top: 50px;  padding-bottom: 50px;\"><div class=\"container\"><div class=\"ui-row row\">\n <div   class=\"ui-column span6\"><div class=\"ui--image-wrap clearfix\"><img  id=\"ui--image-3\" class=\"ui--image ui--animation\" src=\"https:\/\/www.digiemme.it\/wp-content\/uploads\/2016\/07\/experience.jpg\" alt=\"\" title=\"\" data-at2x=\"\"\/><\/div><\/div> \n\n <div   class=\"ui-column span6\"><div class=\"hidden-phone \"><h1 id=\"custom-title-5\" class=\"ui--animation \" style=\"font-size: 65px; line-height: 70px; text-align: right; \" >Von der Konstruktion zur Serienfertigung<\/h1><\/div><div class=\"visible-phone \"><h1 id=\"custom-title-6\" class=\"ui--animation \" style=\"font-size: 40px; line-height: 45px; text-align: right; \" >Von der Konstruktion zur Serienfertigung<\/h1><\/div><h5 id=\"custom-title-h5-3\" class=\"ui--animation \" style=\"text-align: right; \">Unsere Transfertechnik erm\u00f6glicht die Herstellung hochwertiger Komponenten zu vorteilhaften Produktionskosten.Di.Gi.Emme pr\u00e4sentiert sich als optimaler Partner f\u00fcr die Lieferung von Fertigmetallteilen: der gesamte Prozess aus einer Hand \u2013 vom Werkzeugbau bis zur Serienfertigung.<\/h5><div class=\"text-right ui--animation\"><a class=\"btn btn-medium btn-icon-left btn-yellow\" href=\"https:\/\/www.digiemme.it\/about-us\/\" style=\"\">Weiter zur Seite >><\/a> <\/div><\/div> \n\n<\/div> \n<\/div><\/div><\/div><!-- \/.fullwidth-container --><div  class=\"ui--divider ui--animation clearfix ui--divider-fade-line\">\n\t\t\t\t\t\t<div class=\"ui--divider-inner-wrap\">\n\t\t\t\t\t\t\t<div class=\"ui--divider-part ui--divider-part-left\"><\/div>\n\t\t\t\t\t\t\t<div class=\"ui--divider-part ui--divider-part-right\"><\/div>\n\t\t\t\t\t\t<\/div>\n\t\t\t\t\t<\/div><div  class=\"fullwidth-content ui--section clearfix\" style=\"margin-top: -30px;  margin-bottom: -20px;\"><div  class=\"ui--section-content\" style=\"padding-top: 50px;  padding-bottom: 50px;\"><div class=\"container\"><div class=\"ui-row row\">\n <div   class=\"ui-column span6\"><div class=\"hidden-phone \"><h1 id=\"custom-title-7\" class=\"ui--animation \" style=\"font-size: 64px; line-height: 70px; \" >Weltweit<\/h1><\/div><div class=\"visible-phone \"><h1 id=\"custom-title-8\" class=\"ui--animation \" style=\"font-size: 45px; line-height: 50px; \" >Weltweit<\/h1><\/div><h5 id=\"custom-title-h5-4\" class=\"ui--animation \" style=\"\">Seit \u00fcber 40 Jahren beliefern wir marktf\u00fchrende Kunden in der ganzen Welt.Unsere schl\u00fcsselfertigen Anlagen und unsere Transferwerkzeuge erwiesen sich in den unterschiedlichsten Sektoren als optimale L\u00f6sungen f\u00fcr das Umformen von Metallteilen.<\/h5><a class=\"btn btn-medium btn-icon-left btn-yellow ui--animation\" href=\"https:\/\/www.digiemme.it\/dgm-global-presence\" style=\"\">Weiter zur Seite >><\/a><\/div> \n\n <div   class=\"ui-column span6\"><div class=\"ui--image-wrap clearfix\"><img  id=\"ui--image-4\" class=\"ui--image ui--animation\" src=\"https:\/\/www.digiemme.it\/wp-content\/uploads\/2016\/07\/Mercator_Blank_Map_World-1.png\" alt=\"\" title=\"\" data-at2x=\"\"\/><\/div><\/div> \n\n<\/div> \n<\/div><\/div><\/div><!-- \/.fullwidth-container -->","protected":false},"excerpt":{"rendered":"<p>Schl\u00fcsselfertige TransferanlagenSchl\u00fcsselfertige TransferanlagenAuf der Grundlage unserer eingehenden Erfahrungen bei der Herstellung von Transferwerkzeugen konstruieren und fertigen wir schl\u00fcsselfertige Anlagen f\u00fcr die Kaltumformung von Metallteilen f\u00fcr verschiedene Industriezweige.Wir unterst\u00fctzen unsere Kunden w\u00e4hrend des gesamten Prozesses: von der Machbarkeitsstudie bis zur industriellen Serienfertigung der Teile.Um optimale Leistungen zu garantieren, werden unsere schl\u00fcsselfertigen Anlagen betriebsintern getestet.Weiter zur Seite [&hellip;]<\/p>\n","protected":false},"author":3,"featured_media":0,"parent":0,"menu_order":0,"comment_status":"closed","ping_status":"closed","template":"","meta":[],"_links":{"self":[{"href":"https:\/\/www.digiemme.it\/de\/wp-json\/wp\/v2\/pages\/5104\/"}],"collection":[{"href":"https:\/\/www.digiemme.it\/de\/wp-json\/wp\/v2\/pages\/"}],"about":[{"href":"https:\/\/www.digiemme.it\/de\/wp-json\/wp\/v2\/types\/page\/"}],"author":[{"embeddable":true,"href":"https:\/\/www.digiemme.it\/de\/wp-json\/wp\/v2\/users\/3\/"}],"replies":[{"embeddable":true,"href":"https:\/\/www.digiemme.it\/de\/wp-json\/wp\/v2\/comments\/?post=5104"}],"version-history":[{"count":1,"href":"https:\/\/www.digiemme.it\/de\/wp-json\/wp\/v2\/pages\/5104\/revisions\/"}],"predecessor-version":[{"id":5171,"href":"https:\/\/www.digiemme.it\/de\/wp-json\/wp\/v2\/pages\/5104\/revisions\/5171\/"}],"wp:attachment":[{"href":"https:\/\/www.digiemme.it\/de\/wp-json\/wp\/v2\/media\/?parent=5104"}],"curies":[{"name":"wp","href":"https:\/\/api.w.org\/{rel}","templated":true}]}}